{"id":1225,"date":"2024-08-18T21:25:37","date_gmt":"2024-08-18T21:25:37","guid":{"rendered":"https:\/\/237canadianexcellenceball.com\/a-propos-de\/"},"modified":"2024-10-05T02:18:59","modified_gmt":"2024-10-05T02:18:59","slug":"a-propos-de","status":"publish","type":"page","link":"https:\/\/237canadianexcellenceball.com\/fr\/a-propos-de\/","title":{"rendered":"A propos de"},"content":{"rendered":"\t\t<div data-elementor-type=\"wp-page\" data-elementor-id=\"1225\" class=\"elementor elementor-1225 elementor-279\" data-elementor-post-type=\"page\">\n\t\t\t\t<div class=\"elementor-element elementor-element-19ad7c4 e-flex e-con-boxed e-con e-parent\" data-id=\"19ad7c4\" data-element_type=\"container\" data-e-type=\"container\" data-settings=\"{&quot;background_background&quot;:&quot;classic&quot;}\">\n\t\t\t\t\t<div class=\"e-con-inner\">\n\t\t\t\t<div class=\"elementor-element elementor-element-059d161 elementor-widget elementor-widget-text-editor\" data-id=\"059d161\" data-element_type=\"widget\" data-e-type=\"widget\" data-widget_type=\"text-editor.default\">\n\t\t\t\t<div class=\"elementor-widget-container\">\n\t\t\t\t\t\t\t\t\t<p><strong>A propos de nous<\/strong><\/p>\n\t\t\t\t\t\t\t\t<\/div>\n\t\t\t\t<\/div>\n\t\t\t\t\t<\/div>\n\t\t\t\t<\/div>\n\t\t<div class=\"elementor-element elementor-element-f8a37da e-flex e-con-boxed e-con e-parent\" data-id=\"f8a37da\" data-element_type=\"container\" data-e-type=\"container\">\n\t\t\t\t\t<div class=\"e-con-inner\">\n\t\t\t\t<div class=\"elementor-element elementor-element-aef67e6 elementor-headline--style-highlight elementor-widget elementor-widget-animated-headline\" data-id=\"aef67e6\" data-element_type=\"widget\" data-e-type=\"widget\" data-settings=\"{&quot;marker&quot;:&quot;curly&quot;,&quot;highlighted_text&quot;:&quot;Le 237 Canadian Excellence Ball&quot;,&quot;headline_style&quot;:&quot;highlight&quot;,&quot;loop&quot;:&quot;yes&quot;,&quot;highlight_animation_duration&quot;:1200,&quot;highlight_iteration_delay&quot;:8000}\" data-widget_type=\"animated-headline.default\">\n\t\t\t\t<div class=\"elementor-widget-container\">\n\t\t\t\t\t\t\t<h3 class=\"elementor-headline\">\n\t\t\t\t<span class=\"elementor-headline-dynamic-wrapper elementor-headline-text-wrapper\">\n\t\t\t\t\t<span class=\"elementor-headline-dynamic-text elementor-headline-text-active\">Le 237 Canadian Excellence Ball<\/span>\n\t\t\t\t<\/span>\n\t\t\t\t<\/h3>\n\t\t\t\t\t\t<\/div>\n\t\t\t\t<\/div>\n\t\t\t\t<div class=\"elementor-element elementor-element-be9f5ba elementor-widget elementor-widget-text-editor\" data-id=\"be9f5ba\" data-element_type=\"widget\" data-e-type=\"widget\" data-widget_type=\"text-editor.default\">\n\t\t\t\t<div class=\"elementor-widget-container\">\n\t\t\t\t\t\t\t\t\t<p>Le 237 Canadian Excellence Ball est un \u00e9v\u00e8nement annuel prestigieux qui c\u00e9l\u00e8bre les r\u00e9alisations exceptionnelles de la communaut\u00e9 camerounaise-canadienne. Cet \u00e9v\u00e8nement rassemble des leaders, des innovateurs et des visionnaires de divers domaines afin d&#8217;honorer leurs contributions exceptionnelles \u00e0 la soci\u00e9t\u00e9. En reconnaissant l&#8217;excellence dans de multiples cat\u00e9gories, le bal ne met pas seulement en lumi\u00e8re les r\u00e9ussites d&#8217;individus et d&#8217;organisations, mais sert \u00e9galement de source d&#8217;inspiration et de fiert\u00e9 pour l&#8217;ensemble de la diaspora. Il s&#8217;agit d&#8217;une occasion privil\u00e9gi\u00e9e de renforcer les liens communautaires, de mettre en valeur le meilleur du talent camerounais et de favoriser l&#8217;esprit d&#8217;unit\u00e9 et de progr\u00e8s.   <\/p>\n\t\t\t\t\t\t\t\t<\/div>\n\t\t\t\t<\/div>\n\t\t\t\t\t<\/div>\n\t\t\t\t<\/div>\n\t\t<div class=\"elementor-element elementor-element-3665304 e-flex e-con-boxed e-con e-parent\" data-id=\"3665304\" data-element_type=\"container\" data-e-type=\"container\">\n\t\t\t\t\t<div class=\"e-con-inner\">\n\t\t<div class=\"elementor-element elementor-element-aa2dee2 e-con-full e-flex e-con e-child\" data-id=\"aa2dee2\" data-element_type=\"container\" data-e-type=\"container\">\n\t\t\t\t<div class=\"elementor-element elementor-element-a111c1e elementor-position-top elementor-widget elementor-widget-image-box\" data-id=\"a111c1e\" data-element_type=\"widget\" data-e-type=\"widget\" data-widget_type=\"image-box.default\">\n\t\t\t\t<div class=\"elementor-widget-container\">\n\t\t\t\t\t<div class=\"elementor-image-box-wrapper\"><figure class=\"elementor-image-box-img\"><img fetchpriority=\"high\" decoding=\"async\" width=\"696\" height=\"466\" src=\"https:\/\/237canadianexcellenceball.com\/wp-content\/uploads\/2024\/08\/Mission.png\" class=\"attachment-full size-full wp-image-669\" alt=\"\" srcset=\"https:\/\/237canadianexcellenceball.com\/wp-content\/uploads\/2024\/08\/Mission.png 696w, https:\/\/237canadianexcellenceball.com\/wp-content\/uploads\/2024\/08\/Mission-300x201.png 300w, https:\/\/237canadianexcellenceball.com\/wp-content\/uploads\/2024\/08\/Mission-600x402.png 600w\" sizes=\"(max-width: 696px) 100vw, 696px\" \/><\/figure><div class=\"elementor-image-box-content\"><h3 class=\"elementor-image-box-title\">Mission<\/h3><p class=\"elementor-image-box-description\">Honorer et c\u00e9l\u00e9brer les r\u00e9alisations remarquables des Canadiens d'origine camerounaise, en encourageant la fiert\u00e9 au sein de la diaspora tout en mettant en valeur leurs contributions \u00e0 la fois \u00e0 la soci\u00e9t\u00e9 canadienne et \u00e0 leur patrie. Gr\u00e2ce \u00e0 cet \u00e9v\u00e8nement annuel, nous visons \u00e0 \u00e9lever et \u00e0 inspirer la communaut\u00e9, en promouvant une culture de l'excellence et de l'unit\u00e9. <\/p><\/div><\/div>\t\t\t\t<\/div>\n\t\t\t\t<\/div>\n\t\t\t\t<\/div>\n\t\t<div class=\"elementor-element elementor-element-a989f66 e-con-full e-flex e-con e-child\" data-id=\"a989f66\" data-element_type=\"container\" data-e-type=\"container\">\n\t\t\t\t<div class=\"elementor-element elementor-element-5c8a170 elementor-position-top elementor-widget elementor-widget-image-box\" data-id=\"5c8a170\" data-element_type=\"widget\" data-e-type=\"widget\" data-widget_type=\"image-box.default\">\n\t\t\t\t<div class=\"elementor-widget-container\">\n\t\t\t\t\t<div class=\"elementor-image-box-wrapper\"><figure class=\"elementor-image-box-img\"><img decoding=\"async\" width=\"700\" height=\"466\" src=\"https:\/\/237canadianexcellenceball.com\/wp-content\/uploads\/2024\/08\/Vision-2.png\" class=\"attachment-full size-full wp-image-668\" alt=\"\" srcset=\"https:\/\/237canadianexcellenceball.com\/wp-content\/uploads\/2024\/08\/Vision-2.png 700w, https:\/\/237canadianexcellenceball.com\/wp-content\/uploads\/2024\/08\/Vision-2-300x200.png 300w, https:\/\/237canadianexcellenceball.com\/wp-content\/uploads\/2024\/08\/Vision-2-600x399.png 600w\" sizes=\"(max-width: 700px) 100vw, 700px\" \/><\/figure><div class=\"elementor-image-box-content\"><h3 class=\"elementor-image-box-title\">Vision<\/h3><p class=\"elementor-image-box-description\">Faire du Bal un \u00e9v\u00e8nement de premier plan qui non seulement reconnait les personnes et les organisations exceptionnelles au sein de la communaut\u00e9 camerounaise du Canada, mais qui sert \u00e9galement de phare d'inspiration et d'autonomisation. Notre vision est de cr\u00e9er un h\u00e9ritage durable d'excellence qui motive les g\u00e9n\u00e9rations futures et renforce les liens entre la diaspora et ses racines. <\/p><\/div><\/div>\t\t\t\t<\/div>\n\t\t\t\t<\/div>\n\t\t\t\t<\/div>\n\t\t\t\t\t<\/div>\n\t\t\t\t<\/div>\n\t\t<div class=\"elementor-element elementor-element-fc57f52 e-flex e-con-boxed e-con e-parent\" data-id=\"fc57f52\" data-element_type=\"container\" data-e-type=\"container\" data-settings=\"{&quot;background_background&quot;:&quot;classic&quot;}\">\n\t\t\t\t\t<div class=\"e-con-inner\">\n\t\t<div class=\"elementor-element elementor-element-204af1e e-con-full e-flex e-con e-child\" data-id=\"204af1e\" data-element_type=\"container\" data-e-type=\"container\">\n\t\t\t\t<div class=\"elementor-element elementor-element-de4c2b7 elementor-headline--style-highlight elementor-widget elementor-widget-animated-headline\" data-id=\"de4c2b7\" data-element_type=\"widget\" data-e-type=\"widget\" data-settings=\"{&quot;marker&quot;:&quot;underline&quot;,&quot;highlighted_text&quot;:&quot;Un \\u00e9v\\u00e8nement cr\\u00e9\\u00e9, con\\u00e7u et r\\u00e9alis\\u00e9 par :&quot;,&quot;headline_style&quot;:&quot;highlight&quot;,&quot;loop&quot;:&quot;yes&quot;,&quot;highlight_animation_duration&quot;:1200,&quot;highlight_iteration_delay&quot;:8000}\" data-widget_type=\"animated-headline.default\">\n\t\t\t\t<div class=\"elementor-widget-container\">\n\t\t\t\t\t\t\t<h3 class=\"elementor-headline\">\n\t\t\t\t<span class=\"elementor-headline-dynamic-wrapper elementor-headline-text-wrapper\">\n\t\t\t\t\t<span class=\"elementor-headline-dynamic-text elementor-headline-text-active\">Un \u00e9v\u00e8nement cr\u00e9\u00e9, con\u00e7u et r\u00e9alis\u00e9 par :<\/span>\n\t\t\t\t<\/span>\n\t\t\t\t<\/h3>\n\t\t\t\t\t\t<\/div>\n\t\t\t\t<\/div>\n\t\t\t\t<\/div>\n\t\t<div class=\"elementor-element elementor-element-b105f6d e-con-full e-flex e-con e-child\" data-id=\"b105f6d\" data-element_type=\"container\" data-e-type=\"container\">\n\t\t\t\t<div class=\"elementor-element elementor-element-5466c4c elementor-widget elementor-widget-image\" data-id=\"5466c4c\" data-element_type=\"widget\" data-e-type=\"widget\" data-widget_type=\"image.default\">\n\t\t\t\t<div class=\"elementor-widget-container\">\n\t\t\t\t\t\t\t\t\t\t\t\t\t\t\t\t<a href=\"http:\/\/www.geminievents.pro\">\n\t\t\t\t\t\t\t<img decoding=\"async\" width=\"1024\" height=\"256\" src=\"https:\/\/237canadianexcellenceball.com\/wp-content\/uploads\/2024\/08\/Banniere-Gemini-Events_Fond-Noir-1024x256.png\" class=\"attachment-large size-large wp-image-1182\" alt=\"\" srcset=\"https:\/\/237canadianexcellenceball.com\/wp-content\/uploads\/2024\/08\/Banniere-Gemini-Events_Fond-Noir-1024x256.png 1024w, https:\/\/237canadianexcellenceball.com\/wp-content\/uploads\/2024\/08\/Banniere-Gemini-Events_Fond-Noir-300x75.png 300w, https:\/\/237canadianexcellenceball.com\/wp-content\/uploads\/2024\/08\/Banniere-Gemini-Events_Fond-Noir-768x192.png 768w, https:\/\/237canadianexcellenceball.com\/wp-content\/uploads\/2024\/08\/Banniere-Gemini-Events_Fond-Noir-1536x384.png 1536w, https:\/\/237canadianexcellenceball.com\/wp-content\/uploads\/2024\/08\/Banniere-Gemini-Events_Fond-Noir-600x150.png 600w, https:\/\/237canadianexcellenceball.com\/wp-content\/uploads\/2024\/08\/Banniere-Gemini-Events_Fond-Noir.png 1584w\" sizes=\"(max-width: 1024px) 100vw, 1024px\" \/>\t\t\t\t\t\t\t\t<\/a>\n\t\t\t\t\t\t\t\t\t\t\t\t\t\t\t<\/div>\n\t\t\t\t<\/div>\n\t\t\t\t<\/div>\n\t\t\t\t\t<\/div>\n\t\t\t\t<\/div>\n\t\t<div class=\"elementor-element elementor-element-3c4c6e6 e-flex e-con-boxed e-con e-parent\" data-id=\"3c4c6e6\" data-element_type=\"container\" data-e-type=\"container\">\n\t\t\t\t\t<div class=\"e-con-inner\">\n\t\t<div class=\"elementor-element elementor-element-9e5de5c e-con-full e-flex e-con e-child\" data-id=\"9e5de5c\" data-element_type=\"container\" data-e-type=\"container\">\n\t\t\t\t<div class=\"elementor-element elementor-element-9e84edb elementor-widget elementor-widget-text-editor\" data-id=\"9e84edb\" data-element_type=\"widget\" data-e-type=\"widget\" data-widget_type=\"text-editor.default\">\n\t\t\t\t<div class=\"elementor-widget-container\">\n\t\t\t\t\t\t\t\t\t<p>Nous sommes une \u00e9quipe bilingue (fran\u00e7ais et anglais) compos\u00e9e de professionnels de l&#8217;\u00e9v\u00e9nementiel aux parcours professionnels et culturels vari\u00e9s. Notre exp\u00e9rience nous permet de nous positionner comme la personne la plus apte \u00e0 faire passer votre entreprise au niveau sup\u00e9rieur. <\/p>\n<p>Si vous \u00eates \u00e0 la recherche d&#8217;une soci\u00e9t\u00e9 d&#8217;organisation d&#8217;\u00e9v\u00e9nements capable d&#8217;am\u00e9liorer la visibilit\u00e9 de votre entreprise et de respecter votre culture organisationnelle, nous pouvons vous aider \u00e0 d\u00e9velopper votre pr\u00e9sence sociale et votre r\u00e9seau.<\/p>\n\t\t\t\t\t\t\t\t<\/div>\n\t\t\t\t<\/div>\n\t\t\t\t<div class=\"elementor-element elementor-element-1cfbbe3 elementor-headline--style-highlight elementor-widget elementor-widget-animated-headline\" data-id=\"1cfbbe3\" data-element_type=\"widget\" data-e-type=\"widget\" data-settings=\"{&quot;highlighted_text&quot;:&quot;\\u00e9v\\u00e8nements extraordinaires&quot;,&quot;headline_style&quot;:&quot;highlight&quot;,&quot;marker&quot;:&quot;circle&quot;,&quot;loop&quot;:&quot;yes&quot;,&quot;highlight_animation_duration&quot;:1200,&quot;highlight_iteration_delay&quot;:8000}\" data-widget_type=\"animated-headline.default\">\n\t\t\t\t<div class=\"elementor-widget-container\">\n\t\t\t\t\t\t\t<h3 class=\"elementor-headline\">\n\t\t\t\t\t<span class=\"elementor-headline-plain-text elementor-headline-text-wrapper\">Nous concevons<\/span>\n\t\t\t\t<span class=\"elementor-headline-dynamic-wrapper elementor-headline-text-wrapper\">\n\t\t\t\t\t<span class=\"elementor-headline-dynamic-text elementor-headline-text-active\">\u00e9v\u00e8nements extraordinaires<\/span>\n\t\t\t\t<\/span>\n\t\t\t\t\t<span class=\"elementor-headline-plain-text elementor-headline-text-wrapper\">pour la r\u00e9ussite de votre entreprise !<\/span>\n\t\t\t\t\t<\/h3>\n\t\t\t\t\t\t<\/div>\n\t\t\t\t<\/div>\n\t\t\t\t<\/div>\n\t\t<div class=\"elementor-element elementor-element-82170a4 e-con-full e-flex e-con e-child\" data-id=\"82170a4\" data-element_type=\"container\" data-e-type=\"container\">\n\t\t\t\t<div class=\"elementor-element elementor-element-390763e elementor-widget elementor-widget-image\" data-id=\"390763e\" data-element_type=\"widget\" data-e-type=\"widget\" data-widget_type=\"image.default\">\n\t\t\t\t<div class=\"elementor-widget-container\">\n\t\t\t\t\t\t\t\t\t\t\t\t\t\t\t\t<a href=\"http:\/\/www.geminievents.pro\">\n\t\t\t\t\t\t\t<img loading=\"lazy\" decoding=\"async\" width=\"1000\" height=\"1000\" src=\"https:\/\/237canadianexcellenceball.com\/wp-content\/uploads\/2024\/08\/Logo-Gemini-Events.png\" class=\"attachment-large size-large wp-image-1183\" alt=\"\" srcset=\"https:\/\/237canadianexcellenceball.com\/wp-content\/uploads\/2024\/08\/Logo-Gemini-Events.png 1000w, https:\/\/237canadianexcellenceball.com\/wp-content\/uploads\/2024\/08\/Logo-Gemini-Events-300x300.png 300w, https:\/\/237canadianexcellenceball.com\/wp-content\/uploads\/2024\/08\/Logo-Gemini-Events-150x150.png 150w, https:\/\/237canadianexcellenceball.com\/wp-content\/uploads\/2024\/08\/Logo-Gemini-Events-768x768.png 768w, https:\/\/237canadianexcellenceball.com\/wp-content\/uploads\/2024\/08\/Logo-Gemini-Events-600x600.png 600w, https:\/\/237canadianexcellenceball.com\/wp-content\/uploads\/2024\/08\/Logo-Gemini-Events-100x100.png 100w\" sizes=\"(max-width: 1000px) 100vw, 1000px\" \/>\t\t\t\t\t\t\t\t<\/a>\n\t\t\t\t\t\t\t\t\t\t\t\t\t\t\t<\/div>\n\t\t\t\t<\/div>\n\t\t\t\t<div class=\"elementor-element elementor-element-e9cb103 elementor-widget elementor-widget-text-editor\" data-id=\"e9cb103\" data-element_type=\"widget\" data-e-type=\"widget\" data-widget_type=\"text-editor.default\">\n\t\t\t\t<div class=\"elementor-widget-container\">\n\t\t\t\t\t\t\t\t\t<p>Chez <a href=\"http:\/\/www.geminievents.pro\">Gemini Events Professionals<\/a>, nous sommes sp\u00e9cialis\u00e9s dans la conception d&#8217;\u00e9v\u00e9nements extraordinaires qui contribuent \u00e0 la r\u00e9ussite de votre entreprise. Notre approche est taill\u00e9e sur mesure pour donner vie \u00e0 votre vision, en cr\u00e9ant des exp\u00e9riences inoubliables qui laissent des impressions durables. Avec un sens aigu du d\u00e9tail et un flair pour l&#8217;extraordinaire, nous veillons \u00e0 ce que chaque aspect de votre \u00e9v\u00e8nement soit ex\u00e9cut\u00e9 \u00e0 la perfection. Faites \u00e9quipe avec nous pour transformer vos r\u00e9unions d&#8217;entreprise en occasions exceptionnelles qui non seulement inspirent, mais font aussi avancer les affaires.   <\/p>\n<p>Visitez et contactez-nous \u00e0 l&#8217;adresse <a href=\"http:\/\/www.geminievents.pro\">suivante : www.geminievents.pro<\/a><\/p>\n\t\t\t\t\t\t\t\t<\/div>\n\t\t\t\t<\/div>\n\t\t\t\t<\/div>\n\t\t\t\t\t<\/div>\n\t\t\t\t<\/div>\n\t\t\t\t<\/div>\n\t\t","protected":false},"excerpt":{"rendered":"<p>A propos de nous Le 237 Canadian Excellence Ball Le 237 Canadian Excellence Ball est un \u00e9v\u00e8nement annuel prestigieux qui [&hellip;]<\/p>\n","protected":false},"author":1,"featured_media":0,"parent":0,"menu_order":0,"comment_status":"closed","ping_status":"closed","template":"","meta":{"nf_dc_page":"","_uag_custom_page_level_css":"","site-sidebar-layout":"default","site-content-layout":"","ast-site-content-layout":"default","site-content-style":"default","site-sidebar-style":"default","ast-global-header-display":"","ast-banner-title-visibility":"","ast-main-header-display":"","ast-hfb-above-header-display":"","ast-hfb-below-header-display":"","ast-hfb-mobile-header-display":"","site-post-title":"disabled","ast-breadcrumbs-content":"","ast-featured-img":"","footer-sml-layout":"","ast-disable-related-posts":"","theme-transparent-header-meta":"enabled","adv-header-id-meta":"","stick-header-meta":"","header-above-stick-meta":"","header-main-stick-meta":"","header-below-stick-meta":"","astra-migrate-meta-layouts":"default","ast-page-background-enabled":"default","ast-page-background-meta":{"desktop":{"background-color":"var(--ast-global-color-4)","background-image":"","background-repeat":"repeat","background-position":"center center","background-size":"auto","background-attachment":"scroll","background-type":"","background-media":"","overlay-type":"","overlay-color":"","overlay-opacity":"","overlay-gradient":""},"tablet":{"background-color":"","background-image":"","background-repeat":"repeat","background-position":"center center","background-size":"auto","background-attachment":"scroll","background-type":"","background-media":"","overlay-type":"","overlay-color":"","overlay-opacity":"","overlay-gradient":""},"mobile":{"background-color":"","background-image":"","background-repeat":"repeat","background-position":"center center","background-size":"auto","background-attachment":"scroll","background-type":"","background-media":"","overlay-type":"","overlay-color":"","overlay-opacity":"","overlay-gradient":""}},"ast-content-background-meta":{"desktop":{"background-color":"var(--ast-global-color-5)","background-image":"","background-repeat":"repeat","background-position":"center center","background-size":"auto","background-attachment":"scroll","background-type":"","background-media":"","overlay-type":"","overlay-color":"","overlay-opacity":"","overlay-gradient":""},"tablet":{"background-color":"var(--ast-global-color-5)","background-image":"","background-repeat":"repeat","background-position":"center center","background-size":"auto","background-attachment":"scroll","background-type":"","background-media":"","overlay-type":"","overlay-color":"","overlay-opacity":"","overlay-gradient":""},"mobile":{"background-color":"var(--ast-global-color-5)","background-image":"","background-repeat":"repeat","background-position":"center center","background-size":"auto","background-attachment":"scroll","background-type":"","background-media":"","overlay-type":"","overlay-color":"","overlay-opacity":"","overlay-gradient":""}},"footnotes":""},"class_list":["post-1225","page","type-page","status-publish","hentry"],"uagb_featured_image_src":{"full":false,"thumbnail":false,"medium":false,"medium_large":false,"large":false,"1536x1536":false,"2048x2048":false},"uagb_author_info":{"display_name":"massflorence","author_link":"https:\/\/237canadianexcellenceball.com\/fr\/author\/massflorence\/"},"uagb_comment_info":0,"uagb_excerpt":"A propos de nous Le 237 Canadian Excellence Ball Le 237 Canadian Excellence Ball est un \u00e9v\u00e8nement annuel prestigieux qui [&hellip;]","_links":{"self":[{"href":"https:\/\/237canadianexcellenceball.com\/fr\/wp-json\/wp\/v2\/pages\/1225","targetHints":{"allow":["GET"]}}],"collection":[{"href":"https:\/\/237canadianexcellenceball.com\/fr\/wp-json\/wp\/v2\/pages"}],"about":[{"href":"https:\/\/237canadianexcellenceball.com\/fr\/wp-json\/wp\/v2\/types\/page"}],"author":[{"embeddable":true,"href":"https:\/\/237canadianexcellenceball.com\/fr\/wp-json\/wp\/v2\/users\/1"}],"replies":[{"embeddable":true,"href":"https:\/\/237canadianexcellenceball.com\/fr\/wp-json\/wp\/v2\/comments?post=1225"}],"version-history":[{"count":1,"href":"https:\/\/237canadianexcellenceball.com\/fr\/wp-json\/wp\/v2\/pages\/1225\/revisions"}],"predecessor-version":[{"id":1226,"href":"https:\/\/237canadianexcellenceball.com\/fr\/wp-json\/wp\/v2\/pages\/1225\/revisions\/1226"}],"wp:attachment":[{"href":"https:\/\/237canadianexcellenceball.com\/fr\/wp-json\/wp\/v2\/media?parent=1225"}],"curies":[{"name":"wp","href":"https:\/\/api.w.org\/{rel}","templated":true}]}}